{"id":46641,"date":"2025-05-13T02:58:01","date_gmt":"2025-05-13T02:58:01","guid":{"rendered":"https:\/\/formilabs.com\/staging2\/?post_type=product&#038;p=46641"},"modified":"2025-05-14T16:19:34","modified_gmt":"2025-05-14T16:19:34","slug":"rosacea-repair-cream","status":"publish","type":"product","link":"https:\/\/institutnadinedesgagne.com\/fr\/produit\/rosacea-repair-cream\/","title":{"rendered":"Cr\u00e8me r\u00e9paratrice rosac\u00e9e"},"content":{"rendered":"<p>Sa texture douce et enveloppante offre une exp\u00e9rience r\u00e9confortante unique aux peaux sensibles et fragiles. Cette formule hautement concentr\u00e9e en ingr\u00e9dients naturels a \u00e9t\u00e9 sp\u00e9cialement con\u00e7ue pour les personnes atteintes de rosac\u00e9e. Elle apaise les peaux irrit\u00e9es et r\u00e9duit les rougeurs.<\/p>\n<p>Contient de l'huile de chanvre, du beurre d'arnica, de l'huile d'argousier et de l'extrait de camomille.<\/p>\n<p>Une concentration s\u00fbre d'huile essentielle d'h\u00e9lichryse italienne a \u00e9t\u00e9 soigneusement ajout\u00e9e.<\/p>\n<p>Cette huile exceptionnelle est reconnue pour ses incroyables propri\u00e9t\u00e9s d\u00e9congestionnantes, cicatrisantes et anti-inflammatoires. Nous recommandons \u00e9galement cette cr\u00e8me apr\u00e8s un traitement au laser, une IPL ou une chirurgie du visage. Elle r\u00e9duit les \u0153d\u00e8mes et acc\u00e9l\u00e8re la cicatrisation.<\/p>","protected":false},"excerpt":{"rendered":"<p>Its soft yet enveloping texture offers a unique comforting experience for sensitive and fragile skin. This highly concentrated formula of natural ingredients has been specially designed for people with rosacea.&hellip;<\/p>","protected":false},"featured_media":46691,"comment_status":"open","ping_status":"closed","template":"","meta":[],"product_brand":[],"product_cat":[265],"product_tag":[],"class_list":{"0":"post-46641","1":"product","2":"type-product","3":"status-publish","4":"has-post-thumbnail","6":"product_cat-vivenci","8":"first","9":"instock","10":"shipping-taxable","11":"purchasable","12":"product-type-simple"},"yoast_head":"<!-- This site is optimized with the Yoast SEO Premium plugin v27.3 (Yoast SEO v27.3) - https:\/\/yoast.com\/product\/yoast-seo-premium-wordpress\/ -->\n<title>Rosacea repair cream - Estheticienne Brossard<\/title>\n<meta name=\"robots\" content=\"index, follow, max-snippet:-1, max-image-preview:large, max-video-preview:-1\" \/>\n<link rel=\"canonical\" href=\"https:\/\/institutnadinedesgagne.com\/fr\/produit\/rosacea-repair-cream\/\" \/>\n<meta property=\"og:locale\" content=\"fr_CA\" \/>\n<meta property=\"og:type\" content=\"article\" \/>\n<meta property=\"og:title\" content=\"Rosacea repair cream\" \/>\n<meta property=\"og:description\" content=\"Its soft yet enveloping texture offers a unique comforting experience for sensitive and fragile skin. This highly concentrated formula of natural ingredients has been specially designed for people with rosacea.&hellip;\" \/>\n<meta property=\"og:url\" content=\"https:\/\/institutnadinedesgagne.com\/fr\/produit\/rosacea-repair-cream\/\" \/>\n<meta property=\"og:site_name\" content=\"Estheticienne Brossard\" \/>\n<meta property=\"article:modified_time\" content=\"2025-05-14T16:19:34+00:00\" \/>\n<meta property=\"og:image\" content=\"https:\/\/institutnadinedesgagne.com\/wp-content\/uploads\/2025\/05\/IMG_3955.jpeg\" \/>\n\t<meta property=\"og:image:width\" content=\"1200\" \/>\n\t<meta property=\"og:image:height\" content=\"1200\" \/>\n\t<meta property=\"og:image:type\" content=\"image\/jpeg\" \/>\n<meta name=\"twitter:card\" content=\"summary_large_image\" \/>\n<script type=\"application\/ld+json\" class=\"yoast-schema-graph\">{\"@context\":\"https:\\\/\\\/schema.org\",\"@graph\":[{\"@type\":\"WebPage\",\"@id\":\"https:\\\/\\\/institutnadinedesgagne.com\\\/product\\\/rosacea-repair-cream\\\/\",\"url\":\"https:\\\/\\\/institutnadinedesgagne.com\\\/product\\\/rosacea-repair-cream\\\/\",\"name\":\"Rosacea repair cream - Estheticienne Brossard\",\"isPartOf\":{\"@id\":\"https:\\\/\\\/institutnadinedesgagne.com\\\/fr\\\/#website\"},\"primaryImageOfPage\":{\"@id\":\"https:\\\/\\\/institutnadinedesgagne.com\\\/product\\\/rosacea-repair-cream\\\/#primaryimage\"},\"image\":{\"@id\":\"https:\\\/\\\/institutnadinedesgagne.com\\\/product\\\/rosacea-repair-cream\\\/#primaryimage\"},\"thumbnailUrl\":\"https:\\\/\\\/institutnadinedesgagne.com\\\/wp-content\\\/uploads\\\/2025\\\/05\\\/IMG_3955.jpeg\",\"datePublished\":\"2025-05-13T02:58:01+00:00\",\"dateModified\":\"2025-05-14T16:19:34+00:00\",\"breadcrumb\":{\"@id\":\"https:\\\/\\\/institutnadinedesgagne.com\\\/product\\\/rosacea-repair-cream\\\/#breadcrumb\"},\"inLanguage\":\"fr-CA\",\"potentialAction\":[{\"@type\":\"ReadAction\",\"target\":[\"https:\\\/\\\/institutnadinedesgagne.com\\\/product\\\/rosacea-repair-cream\\\/\"]}]},{\"@type\":\"ImageObject\",\"inLanguage\":\"fr-CA\",\"@id\":\"https:\\\/\\\/institutnadinedesgagne.com\\\/product\\\/rosacea-repair-cream\\\/#primaryimage\",\"url\":\"https:\\\/\\\/institutnadinedesgagne.com\\\/wp-content\\\/uploads\\\/2025\\\/05\\\/IMG_3955.jpeg\",\"contentUrl\":\"https:\\\/\\\/institutnadinedesgagne.com\\\/wp-content\\\/uploads\\\/2025\\\/05\\\/IMG_3955.jpeg\",\"width\":1200,\"height\":1200},{\"@type\":\"BreadcrumbList\",\"@id\":\"https:\\\/\\\/institutnadinedesgagne.com\\\/product\\\/rosacea-repair-cream\\\/#breadcrumb\",\"itemListElement\":[{\"@type\":\"ListItem\",\"position\":1,\"name\":\"Home\",\"item\":\"https:\\\/\\\/institutnadinedesgagne.com\\\/\"},{\"@type\":\"ListItem\",\"position\":2,\"name\":\"Shop\",\"item\":\"https:\\\/\\\/institutnadinedesgagne.com\\\/fr\\\/shop\\\/\"},{\"@type\":\"ListItem\",\"position\":3,\"name\":\"Rosacea repair cream\"}]},{\"@type\":\"WebSite\",\"@id\":\"https:\\\/\\\/institutnadinedesgagne.com\\\/fr\\\/#website\",\"url\":\"https:\\\/\\\/institutnadinedesgagne.com\\\/fr\\\/\",\"name\":\"Estheticienne Brossard\",\"description\":\"Institut Nadine Desgagne\",\"publisher\":{\"@id\":\"https:\\\/\\\/institutnadinedesgagne.com\\\/fr\\\/#organization\"},\"potentialAction\":[{\"@type\":\"SearchAction\",\"target\":{\"@type\":\"EntryPoint\",\"urlTemplate\":\"https:\\\/\\\/institutnadinedesgagne.com\\\/fr\\\/?s={search_term_string}\"},\"query-input\":{\"@type\":\"PropertyValueSpecification\",\"valueRequired\":true,\"valueName\":\"search_term_string\"}}],\"inLanguage\":\"fr-CA\"},{\"@type\":\"Organization\",\"@id\":\"https:\\\/\\\/institutnadinedesgagne.com\\\/fr\\\/#organization\",\"name\":\"Estheticienne Brossard\",\"url\":\"https:\\\/\\\/institutnadinedesgagne.com\\\/fr\\\/\",\"logo\":{\"@type\":\"ImageObject\",\"inLanguage\":\"fr-CA\",\"@id\":\"https:\\\/\\\/institutnadinedesgagne.com\\\/fr\\\/#\\\/schema\\\/logo\\\/image\\\/\",\"url\":\"https:\\\/\\\/institutnadinedesgagne.com\\\/wp-content\\\/uploads\\\/2023\\\/08\\\/cropped-Logo-Nadine.png\",\"contentUrl\":\"https:\\\/\\\/institutnadinedesgagne.com\\\/wp-content\\\/uploads\\\/2023\\\/08\\\/cropped-Logo-Nadine.png\",\"width\":991,\"height\":258,\"caption\":\"Estheticienne Brossard\"},\"image\":{\"@id\":\"https:\\\/\\\/institutnadinedesgagne.com\\\/fr\\\/#\\\/schema\\\/logo\\\/image\\\/\"}}]}<\/script>\n<!-- \/ Yoast SEO Premium plugin. -->","yoast_head_json":{"title":"Rosacea repair cream - Estheticienne Brossard","robots":{"index":"index","follow":"follow","max-snippet":"max-snippet:-1","max-image-preview":"max-image-preview:large","max-video-preview":"max-video-preview:-1"},"canonical":"https:\/\/institutnadinedesgagne.com\/fr\/produit\/rosacea-repair-cream\/","og_locale":"fr_CA","og_type":"article","og_title":"Rosacea repair cream","og_description":"Its soft yet enveloping texture offers a unique comforting experience for sensitive and fragile skin. This highly concentrated formula of natural ingredients has been specially designed for people with rosacea.&hellip;","og_url":"https:\/\/institutnadinedesgagne.com\/fr\/produit\/rosacea-repair-cream\/","og_site_name":"Estheticienne Brossard","article_modified_time":"2025-05-14T16:19:34+00:00","og_image":[{"width":1200,"height":1200,"url":"https:\/\/institutnadinedesgagne.com\/wp-content\/uploads\/2025\/05\/IMG_3955.jpeg","type":"image\/jpeg"}],"twitter_card":"summary_large_image","schema":{"@context":"https:\/\/schema.org","@graph":[{"@type":"WebPage","@id":"https:\/\/institutnadinedesgagne.com\/product\/rosacea-repair-cream\/","url":"https:\/\/institutnadinedesgagne.com\/product\/rosacea-repair-cream\/","name":"Rosacea repair cream - Estheticienne Brossard","isPartOf":{"@id":"https:\/\/institutnadinedesgagne.com\/fr\/#website"},"primaryImageOfPage":{"@id":"https:\/\/institutnadinedesgagne.com\/product\/rosacea-repair-cream\/#primaryimage"},"image":{"@id":"https:\/\/institutnadinedesgagne.com\/product\/rosacea-repair-cream\/#primaryimage"},"thumbnailUrl":"https:\/\/institutnadinedesgagne.com\/wp-content\/uploads\/2025\/05\/IMG_3955.jpeg","datePublished":"2025-05-13T02:58:01+00:00","dateModified":"2025-05-14T16:19:34+00:00","breadcrumb":{"@id":"https:\/\/institutnadinedesgagne.com\/product\/rosacea-repair-cream\/#breadcrumb"},"inLanguage":"fr-CA","potentialAction":[{"@type":"ReadAction","target":["https:\/\/institutnadinedesgagne.com\/product\/rosacea-repair-cream\/"]}]},{"@type":"ImageObject","inLanguage":"fr-CA","@id":"https:\/\/institutnadinedesgagne.com\/product\/rosacea-repair-cream\/#primaryimage","url":"https:\/\/institutnadinedesgagne.com\/wp-content\/uploads\/2025\/05\/IMG_3955.jpeg","contentUrl":"https:\/\/institutnadinedesgagne.com\/wp-content\/uploads\/2025\/05\/IMG_3955.jpeg","width":1200,"height":1200},{"@type":"BreadcrumbList","@id":"https:\/\/institutnadinedesgagne.com\/product\/rosacea-repair-cream\/#breadcrumb","itemListElement":[{"@type":"ListItem","position":1,"name":"Home","item":"https:\/\/institutnadinedesgagne.com\/"},{"@type":"ListItem","position":2,"name":"Shop","item":"https:\/\/institutnadinedesgagne.com\/fr\/shop\/"},{"@type":"ListItem","position":3,"name":"Rosacea repair cream"}]},{"@type":"WebSite","@id":"https:\/\/institutnadinedesgagne.com\/fr\/#website","url":"https:\/\/institutnadinedesgagne.com\/fr\/","name":"Estheticienne Brossard","description":"Institut Nadine Desgagne","publisher":{"@id":"https:\/\/institutnadinedesgagne.com\/fr\/#organization"},"potentialAction":[{"@type":"SearchAction","target":{"@type":"EntryPoint","urlTemplate":"https:\/\/institutnadinedesgagne.com\/fr\/?s={search_term_string}"},"query-input":{"@type":"PropertyValueSpecification","valueRequired":true,"valueName":"search_term_string"}}],"inLanguage":"fr-CA"},{"@type":"Organization","@id":"https:\/\/institutnadinedesgagne.com\/fr\/#organization","name":"Estheticienne Brossard","url":"https:\/\/institutnadinedesgagne.com\/fr\/","logo":{"@type":"ImageObject","inLanguage":"fr-CA","@id":"https:\/\/institutnadinedesgagne.com\/fr\/#\/schema\/logo\/image\/","url":"https:\/\/institutnadinedesgagne.com\/wp-content\/uploads\/2023\/08\/cropped-Logo-Nadine.png","contentUrl":"https:\/\/institutnadinedesgagne.com\/wp-content\/uploads\/2023\/08\/cropped-Logo-Nadine.png","width":991,"height":258,"caption":"Estheticienne Brossard"},"image":{"@id":"https:\/\/institutnadinedesgagne.com\/fr\/#\/schema\/logo\/image\/"}}]}},"_links":{"self":[{"href":"https:\/\/institutnadinedesgagne.com\/fr\/wp-json\/wp\/v2\/product\/46641","targetHints":{"allow":["GET"]}}],"collection":[{"href":"https:\/\/institutnadinedesgagne.com\/fr\/wp-json\/wp\/v2\/product"}],"about":[{"href":"https:\/\/institutnadinedesgagne.com\/fr\/wp-json\/wp\/v2\/types\/product"}],"replies":[{"embeddable":true,"href":"https:\/\/institutnadinedesgagne.com\/fr\/wp-json\/wp\/v2\/comments?post=46641"}],"wp:featuredmedia":[{"embeddable":true,"href":"https:\/\/institutnadinedesgagne.com\/fr\/wp-json\/wp\/v2\/media\/46691"}],"wp:attachment":[{"href":"https:\/\/institutnadinedesgagne.com\/fr\/wp-json\/wp\/v2\/media?parent=46641"}],"wp:term":[{"taxonomy":"product_brand","embeddable":true,"href":"https:\/\/institutnadinedesgagne.com\/fr\/wp-json\/wp\/v2\/product_brand?post=46641"},{"taxonomy":"product_cat","embeddable":true,"href":"https:\/\/institutnadinedesgagne.com\/fr\/wp-json\/wp\/v2\/product_cat?post=46641"},{"taxonomy":"product_tag","embeddable":true,"href":"https:\/\/institutnadinedesgagne.com\/fr\/wp-json\/wp\/v2\/product_tag?post=46641"}],"curies":[{"name":"wp","href":"https:\/\/api.w.org\/{rel}","templated":true}]}}