{"id":46642,"date":"2025-05-13T02:58:21","date_gmt":"2025-05-13T02:58:21","guid":{"rendered":"https:\/\/formilabs.com\/staging2\/?post_type=product&#038;p=46642"},"modified":"2025-05-14T17:33:01","modified_gmt":"2025-05-14T17:33:01","slug":"illuminating-eye-firming-cream","status":"publish","type":"product","link":"https:\/\/institutnadinedesgagne.com\/fr\/produit\/illuminating-eye-firming-cream\/","title":{"rendered":"Illuminating ye firming cream"},"content":{"rendered":"<p>Cette cr\u00e8me contour des yeux anti-\u00e2ge \u00e0 la texture velout\u00e9e ravive et rajeunit le contour des yeux.<\/p>\n<p>Kigeline, connue pour ses propri\u00e9t\u00e9s tonifiantes et raffermissantes, combat efficacement le rel\u00e2chement des paupi\u00e8res.<\/p>\n<p>Il contient \u00e9galement du Matrixil 3000 et du collag\u00e8ne pour att\u00e9nuer l'apparence des rides et ridules. Apr\u00e8s seulement quelques applications, le contour des yeux para\u00eet revitalis\u00e9.<\/p>","protected":false},"excerpt":{"rendered":"<p>This anti-aging eye cream with a velvety texture revives and rejuvenates the eye contour. Kigeline, known for its toning and firming properties, effectively combats sagging eyelids. It also contains Matrixil&hellip;<\/p>","protected":false},"featured_media":46695,"comment_status":"open","ping_status":"closed","template":"","meta":[],"product_brand":[],"product_cat":[72],"product_tag":[],"class_list":{"0":"post-46642","1":"product","2":"type-product","3":"status-publish","4":"has-post-thumbnail","6":"product_cat-uncategorized","8":"first","9":"instock","10":"shipping-taxable","11":"purchasable","12":"product-type-simple"},"yoast_head":"<!-- This site is optimized with the Yoast SEO Premium plugin v27.3 (Yoast SEO v27.3) - https:\/\/yoast.com\/product\/yoast-seo-premium-wordpress\/ -->\n<title>Illuminating ye firming cream - Estheticienne Brossard<\/title>\n<meta name=\"robots\" content=\"index, follow, max-snippet:-1, max-image-preview:large, max-video-preview:-1\" \/>\n<link rel=\"canonical\" href=\"https:\/\/institutnadinedesgagne.com\/fr\/produit\/illuminating-eye-firming-cream\/\" \/>\n<meta property=\"og:locale\" content=\"fr_CA\" \/>\n<meta property=\"og:type\" content=\"article\" \/>\n<meta property=\"og:title\" content=\"Illuminating ye firming cream\" \/>\n<meta property=\"og:description\" content=\"This anti-aging eye cream with a velvety texture revives and rejuvenates the eye contour. Kigeline, known for its toning and firming properties, effectively combats sagging eyelids. It also contains Matrixil&hellip;\" \/>\n<meta property=\"og:url\" content=\"https:\/\/institutnadinedesgagne.com\/fr\/produit\/illuminating-eye-firming-cream\/\" \/>\n<meta property=\"og:site_name\" content=\"Estheticienne Brossard\" \/>\n<meta property=\"article:modified_time\" content=\"2025-05-14T17:33:01+00:00\" \/>\n<meta property=\"og:image\" content=\"https:\/\/institutnadinedesgagne.com\/wp-content\/uploads\/2025\/05\/IMG_1849.jpeg\" \/>\n\t<meta property=\"og:image:width\" content=\"1200\" \/>\n\t<meta property=\"og:image:height\" content=\"1200\" \/>\n\t<meta property=\"og:image:type\" content=\"image\/jpeg\" \/>\n<meta name=\"twitter:card\" content=\"summary_large_image\" \/>\n<script type=\"application\/ld+json\" class=\"yoast-schema-graph\">{\"@context\":\"https:\\\/\\\/schema.org\",\"@graph\":[{\"@type\":\"WebPage\",\"@id\":\"https:\\\/\\\/institutnadinedesgagne.com\\\/product\\\/illuminating-eye-firming-cream\\\/\",\"url\":\"https:\\\/\\\/institutnadinedesgagne.com\\\/product\\\/illuminating-eye-firming-cream\\\/\",\"name\":\"Illuminating ye firming cream - Estheticienne Brossard\",\"isPartOf\":{\"@id\":\"https:\\\/\\\/institutnadinedesgagne.com\\\/fr\\\/#website\"},\"primaryImageOfPage\":{\"@id\":\"https:\\\/\\\/institutnadinedesgagne.com\\\/product\\\/illuminating-eye-firming-cream\\\/#primaryimage\"},\"image\":{\"@id\":\"https:\\\/\\\/institutnadinedesgagne.com\\\/product\\\/illuminating-eye-firming-cream\\\/#primaryimage\"},\"thumbnailUrl\":\"https:\\\/\\\/institutnadinedesgagne.com\\\/wp-content\\\/uploads\\\/2025\\\/05\\\/IMG_1849.jpeg\",\"datePublished\":\"2025-05-13T02:58:21+00:00\",\"dateModified\":\"2025-05-14T17:33:01+00:00\",\"breadcrumb\":{\"@id\":\"https:\\\/\\\/institutnadinedesgagne.com\\\/product\\\/illuminating-eye-firming-cream\\\/#breadcrumb\"},\"inLanguage\":\"fr-CA\",\"potentialAction\":[{\"@type\":\"ReadAction\",\"target\":[\"https:\\\/\\\/institutnadinedesgagne.com\\\/product\\\/illuminating-eye-firming-cream\\\/\"]}]},{\"@type\":\"ImageObject\",\"inLanguage\":\"fr-CA\",\"@id\":\"https:\\\/\\\/institutnadinedesgagne.com\\\/product\\\/illuminating-eye-firming-cream\\\/#primaryimage\",\"url\":\"https:\\\/\\\/institutnadinedesgagne.com\\\/wp-content\\\/uploads\\\/2025\\\/05\\\/IMG_1849.jpeg\",\"contentUrl\":\"https:\\\/\\\/institutnadinedesgagne.com\\\/wp-content\\\/uploads\\\/2025\\\/05\\\/IMG_1849.jpeg\",\"width\":1200,\"height\":1200},{\"@type\":\"BreadcrumbList\",\"@id\":\"https:\\\/\\\/institutnadinedesgagne.com\\\/product\\\/illuminating-eye-firming-cream\\\/#breadcrumb\",\"itemListElement\":[{\"@type\":\"ListItem\",\"position\":1,\"name\":\"Home\",\"item\":\"https:\\\/\\\/institutnadinedesgagne.com\\\/\"},{\"@type\":\"ListItem\",\"position\":2,\"name\":\"Shop\",\"item\":\"https:\\\/\\\/institutnadinedesgagne.com\\\/fr\\\/shop\\\/\"},{\"@type\":\"ListItem\",\"position\":3,\"name\":\"Illuminating ye firming cream\"}]},{\"@type\":\"WebSite\",\"@id\":\"https:\\\/\\\/institutnadinedesgagne.com\\\/fr\\\/#website\",\"url\":\"https:\\\/\\\/institutnadinedesgagne.com\\\/fr\\\/\",\"name\":\"Estheticienne Brossard\",\"description\":\"Institut Nadine Desgagne\",\"publisher\":{\"@id\":\"https:\\\/\\\/institutnadinedesgagne.com\\\/fr\\\/#organization\"},\"potentialAction\":[{\"@type\":\"SearchAction\",\"target\":{\"@type\":\"EntryPoint\",\"urlTemplate\":\"https:\\\/\\\/institutnadinedesgagne.com\\\/fr\\\/?s={search_term_string}\"},\"query-input\":{\"@type\":\"PropertyValueSpecification\",\"valueRequired\":true,\"valueName\":\"search_term_string\"}}],\"inLanguage\":\"fr-CA\"},{\"@type\":\"Organization\",\"@id\":\"https:\\\/\\\/institutnadinedesgagne.com\\\/fr\\\/#organization\",\"name\":\"Estheticienne Brossard\",\"url\":\"https:\\\/\\\/institutnadinedesgagne.com\\\/fr\\\/\",\"logo\":{\"@type\":\"ImageObject\",\"inLanguage\":\"fr-CA\",\"@id\":\"https:\\\/\\\/institutnadinedesgagne.com\\\/fr\\\/#\\\/schema\\\/logo\\\/image\\\/\",\"url\":\"https:\\\/\\\/institutnadinedesgagne.com\\\/wp-content\\\/uploads\\\/2023\\\/08\\\/cropped-Logo-Nadine.png\",\"contentUrl\":\"https:\\\/\\\/institutnadinedesgagne.com\\\/wp-content\\\/uploads\\\/2023\\\/08\\\/cropped-Logo-Nadine.png\",\"width\":991,\"height\":258,\"caption\":\"Estheticienne Brossard\"},\"image\":{\"@id\":\"https:\\\/\\\/institutnadinedesgagne.com\\\/fr\\\/#\\\/schema\\\/logo\\\/image\\\/\"}}]}<\/script>\n<!-- \/ Yoast SEO Premium plugin. -->","yoast_head_json":{"title":"Illuminating ye firming cream - Estheticienne Brossard","robots":{"index":"index","follow":"follow","max-snippet":"max-snippet:-1","max-image-preview":"max-image-preview:large","max-video-preview":"max-video-preview:-1"},"canonical":"https:\/\/institutnadinedesgagne.com\/fr\/produit\/illuminating-eye-firming-cream\/","og_locale":"fr_CA","og_type":"article","og_title":"Illuminating ye firming cream","og_description":"This anti-aging eye cream with a velvety texture revives and rejuvenates the eye contour. Kigeline, known for its toning and firming properties, effectively combats sagging eyelids. It also contains Matrixil&hellip;","og_url":"https:\/\/institutnadinedesgagne.com\/fr\/produit\/illuminating-eye-firming-cream\/","og_site_name":"Estheticienne Brossard","article_modified_time":"2025-05-14T17:33:01+00:00","og_image":[{"width":1200,"height":1200,"url":"https:\/\/institutnadinedesgagne.com\/wp-content\/uploads\/2025\/05\/IMG_1849.jpeg","type":"image\/jpeg"}],"twitter_card":"summary_large_image","schema":{"@context":"https:\/\/schema.org","@graph":[{"@type":"WebPage","@id":"https:\/\/institutnadinedesgagne.com\/product\/illuminating-eye-firming-cream\/","url":"https:\/\/institutnadinedesgagne.com\/product\/illuminating-eye-firming-cream\/","name":"Illuminating ye firming cream - Estheticienne Brossard","isPartOf":{"@id":"https:\/\/institutnadinedesgagne.com\/fr\/#website"},"primaryImageOfPage":{"@id":"https:\/\/institutnadinedesgagne.com\/product\/illuminating-eye-firming-cream\/#primaryimage"},"image":{"@id":"https:\/\/institutnadinedesgagne.com\/product\/illuminating-eye-firming-cream\/#primaryimage"},"thumbnailUrl":"https:\/\/institutnadinedesgagne.com\/wp-content\/uploads\/2025\/05\/IMG_1849.jpeg","datePublished":"2025-05-13T02:58:21+00:00","dateModified":"2025-05-14T17:33:01+00:00","breadcrumb":{"@id":"https:\/\/institutnadinedesgagne.com\/product\/illuminating-eye-firming-cream\/#breadcrumb"},"inLanguage":"fr-CA","potentialAction":[{"@type":"ReadAction","target":["https:\/\/institutnadinedesgagne.com\/product\/illuminating-eye-firming-cream\/"]}]},{"@type":"ImageObject","inLanguage":"fr-CA","@id":"https:\/\/institutnadinedesgagne.com\/product\/illuminating-eye-firming-cream\/#primaryimage","url":"https:\/\/institutnadinedesgagne.com\/wp-content\/uploads\/2025\/05\/IMG_1849.jpeg","contentUrl":"https:\/\/institutnadinedesgagne.com\/wp-content\/uploads\/2025\/05\/IMG_1849.jpeg","width":1200,"height":1200},{"@type":"BreadcrumbList","@id":"https:\/\/institutnadinedesgagne.com\/product\/illuminating-eye-firming-cream\/#breadcrumb","itemListElement":[{"@type":"ListItem","position":1,"name":"Home","item":"https:\/\/institutnadinedesgagne.com\/"},{"@type":"ListItem","position":2,"name":"Shop","item":"https:\/\/institutnadinedesgagne.com\/fr\/shop\/"},{"@type":"ListItem","position":3,"name":"Illuminating ye firming cream"}]},{"@type":"WebSite","@id":"https:\/\/institutnadinedesgagne.com\/fr\/#website","url":"https:\/\/institutnadinedesgagne.com\/fr\/","name":"Estheticienne Brossard","description":"Institut Nadine Desgagne","publisher":{"@id":"https:\/\/institutnadinedesgagne.com\/fr\/#organization"},"potentialAction":[{"@type":"SearchAction","target":{"@type":"EntryPoint","urlTemplate":"https:\/\/institutnadinedesgagne.com\/fr\/?s={search_term_string}"},"query-input":{"@type":"PropertyValueSpecification","valueRequired":true,"valueName":"search_term_string"}}],"inLanguage":"fr-CA"},{"@type":"Organization","@id":"https:\/\/institutnadinedesgagne.com\/fr\/#organization","name":"Estheticienne Brossard","url":"https:\/\/institutnadinedesgagne.com\/fr\/","logo":{"@type":"ImageObject","inLanguage":"fr-CA","@id":"https:\/\/institutnadinedesgagne.com\/fr\/#\/schema\/logo\/image\/","url":"https:\/\/institutnadinedesgagne.com\/wp-content\/uploads\/2023\/08\/cropped-Logo-Nadine.png","contentUrl":"https:\/\/institutnadinedesgagne.com\/wp-content\/uploads\/2023\/08\/cropped-Logo-Nadine.png","width":991,"height":258,"caption":"Estheticienne Brossard"},"image":{"@id":"https:\/\/institutnadinedesgagne.com\/fr\/#\/schema\/logo\/image\/"}}]}},"_links":{"self":[{"href":"https:\/\/institutnadinedesgagne.com\/fr\/wp-json\/wp\/v2\/product\/46642","targetHints":{"allow":["GET"]}}],"collection":[{"href":"https:\/\/institutnadinedesgagne.com\/fr\/wp-json\/wp\/v2\/product"}],"about":[{"href":"https:\/\/institutnadinedesgagne.com\/fr\/wp-json\/wp\/v2\/types\/product"}],"replies":[{"embeddable":true,"href":"https:\/\/institutnadinedesgagne.com\/fr\/wp-json\/wp\/v2\/comments?post=46642"}],"wp:featuredmedia":[{"embeddable":true,"href":"https:\/\/institutnadinedesgagne.com\/fr\/wp-json\/wp\/v2\/media\/46695"}],"wp:attachment":[{"href":"https:\/\/institutnadinedesgagne.com\/fr\/wp-json\/wp\/v2\/media?parent=46642"}],"wp:term":[{"taxonomy":"product_brand","embeddable":true,"href":"https:\/\/institutnadinedesgagne.com\/fr\/wp-json\/wp\/v2\/product_brand?post=46642"},{"taxonomy":"product_cat","embeddable":true,"href":"https:\/\/institutnadinedesgagne.com\/fr\/wp-json\/wp\/v2\/product_cat?post=46642"},{"taxonomy":"product_tag","embeddable":true,"href":"https:\/\/institutnadinedesgagne.com\/fr\/wp-json\/wp\/v2\/product_tag?post=46642"}],"curies":[{"name":"wp","href":"https:\/\/api.w.org\/{rel}","templated":true}]}}