{"id":46645,"date":"2025-05-13T02:59:15","date_gmt":"2025-05-13T02:59:15","guid":{"rendered":"https:\/\/formilabs.com\/staging2\/?post_type=product&#038;p=46645"},"modified":"2025-05-14T16:10:00","modified_gmt":"2025-05-14T16:10:00","slug":"ultimate-anti-aging-concentrate","status":"publish","type":"product","link":"https:\/\/institutnadinedesgagne.com\/fr\/produit\/ultimate-anti-aging-concentrate\/","title":{"rendered":"Concentr\u00e9 anti-\u00e2ge ultime"},"content":{"rendered":"<p>Sa texture d\u00e9licate et soyeuse agit en parfaite harmonie avec la peau.<\/p>\n<p>Quelques gouttes de cet \u00e9lixir divin suffisent \u00e0 restaurer et revitaliser vos cellules. Cette formule est riche en caviar, en parfaite synergie avec le peptide Matrixyl 3000\u2122 et le collag\u00e8ne. Les trois ingr\u00e9dients les plus puissants et les plus avanc\u00e9s de la cosm\u00e9tologie ont \u00e9t\u00e9 associ\u00e9s pour r\u00e9g\u00e9n\u00e9rer et restructurer les couches profondes de la peau.<\/p>","protected":false},"excerpt":{"rendered":"<p>Its delicate, silky texture works in perfect harmony with the skin. A few drops of this divine elixir are enough to restore and revitalize your cells. This formula has a&hellip;<\/p>","protected":false},"featured_media":46687,"comment_status":"open","ping_status":"closed","template":"","meta":[],"product_brand":[],"product_cat":[264],"product_tag":[],"class_list":{"0":"post-46645","1":"product","2":"type-product","3":"status-publish","4":"has-post-thumbnail","6":"product_cat-prestige","8":"first","9":"instock","10":"shipping-taxable","11":"purchasable","12":"product-type-simple"},"yoast_head":"<!-- This site is optimized with the Yoast SEO Premium plugin v27.3 (Yoast SEO v27.3) - https:\/\/yoast.com\/product\/yoast-seo-premium-wordpress\/ -->\n<title>Ultimate anti-aging concentrate - Estheticienne Brossard<\/title>\n<meta name=\"robots\" content=\"index, follow, max-snippet:-1, max-image-preview:large, max-video-preview:-1\" \/>\n<link rel=\"canonical\" href=\"https:\/\/institutnadinedesgagne.com\/fr\/produit\/ultimate-anti-aging-concentrate\/\" \/>\n<meta property=\"og:locale\" content=\"fr_CA\" \/>\n<meta property=\"og:type\" content=\"article\" \/>\n<meta property=\"og:title\" content=\"Ultimate anti-aging concentrate\" \/>\n<meta property=\"og:description\" content=\"Its delicate, silky texture works in perfect harmony with the skin. A few drops of this divine elixir are enough to restore and revitalize your cells. This formula has a&hellip;\" \/>\n<meta property=\"og:url\" content=\"https:\/\/institutnadinedesgagne.com\/fr\/produit\/ultimate-anti-aging-concentrate\/\" \/>\n<meta property=\"og:site_name\" content=\"Estheticienne Brossard\" \/>\n<meta property=\"article:modified_time\" content=\"2025-05-14T16:10:00+00:00\" \/>\n<meta property=\"og:image\" content=\"https:\/\/institutnadinedesgagne.com\/wp-content\/uploads\/2025\/05\/IMG_3954.jpeg\" \/>\n\t<meta property=\"og:image:width\" content=\"1000\" \/>\n\t<meta property=\"og:image:height\" content=\"1000\" \/>\n\t<meta property=\"og:image:type\" content=\"image\/jpeg\" \/>\n<meta name=\"twitter:card\" content=\"summary_large_image\" \/>\n<script type=\"application\/ld+json\" class=\"yoast-schema-graph\">{\"@context\":\"https:\\\/\\\/schema.org\",\"@graph\":[{\"@type\":\"WebPage\",\"@id\":\"https:\\\/\\\/institutnadinedesgagne.com\\\/product\\\/ultimate-anti-aging-concentrate\\\/\",\"url\":\"https:\\\/\\\/institutnadinedesgagne.com\\\/product\\\/ultimate-anti-aging-concentrate\\\/\",\"name\":\"Ultimate anti-aging concentrate - Estheticienne Brossard\",\"isPartOf\":{\"@id\":\"https:\\\/\\\/institutnadinedesgagne.com\\\/fr\\\/#website\"},\"primaryImageOfPage\":{\"@id\":\"https:\\\/\\\/institutnadinedesgagne.com\\\/product\\\/ultimate-anti-aging-concentrate\\\/#primaryimage\"},\"image\":{\"@id\":\"https:\\\/\\\/institutnadinedesgagne.com\\\/product\\\/ultimate-anti-aging-concentrate\\\/#primaryimage\"},\"thumbnailUrl\":\"https:\\\/\\\/institutnadinedesgagne.com\\\/wp-content\\\/uploads\\\/2025\\\/05\\\/IMG_3954.jpeg\",\"datePublished\":\"2025-05-13T02:59:15+00:00\",\"dateModified\":\"2025-05-14T16:10:00+00:00\",\"breadcrumb\":{\"@id\":\"https:\\\/\\\/institutnadinedesgagne.com\\\/product\\\/ultimate-anti-aging-concentrate\\\/#breadcrumb\"},\"inLanguage\":\"fr-CA\",\"potentialAction\":[{\"@type\":\"ReadAction\",\"target\":[\"https:\\\/\\\/institutnadinedesgagne.com\\\/product\\\/ultimate-anti-aging-concentrate\\\/\"]}]},{\"@type\":\"ImageObject\",\"inLanguage\":\"fr-CA\",\"@id\":\"https:\\\/\\\/institutnadinedesgagne.com\\\/product\\\/ultimate-anti-aging-concentrate\\\/#primaryimage\",\"url\":\"https:\\\/\\\/institutnadinedesgagne.com\\\/wp-content\\\/uploads\\\/2025\\\/05\\\/IMG_3954.jpeg\",\"contentUrl\":\"https:\\\/\\\/institutnadinedesgagne.com\\\/wp-content\\\/uploads\\\/2025\\\/05\\\/IMG_3954.jpeg\",\"width\":1000,\"height\":1000},{\"@type\":\"BreadcrumbList\",\"@id\":\"https:\\\/\\\/institutnadinedesgagne.com\\\/product\\\/ultimate-anti-aging-concentrate\\\/#breadcrumb\",\"itemListElement\":[{\"@type\":\"ListItem\",\"position\":1,\"name\":\"Home\",\"item\":\"https:\\\/\\\/institutnadinedesgagne.com\\\/\"},{\"@type\":\"ListItem\",\"position\":2,\"name\":\"Shop\",\"item\":\"https:\\\/\\\/institutnadinedesgagne.com\\\/fr\\\/shop\\\/\"},{\"@type\":\"ListItem\",\"position\":3,\"name\":\"Ultimate anti-aging concentrate\"}]},{\"@type\":\"WebSite\",\"@id\":\"https:\\\/\\\/institutnadinedesgagne.com\\\/fr\\\/#website\",\"url\":\"https:\\\/\\\/institutnadinedesgagne.com\\\/fr\\\/\",\"name\":\"Estheticienne Brossard\",\"description\":\"Institut Nadine Desgagne\",\"publisher\":{\"@id\":\"https:\\\/\\\/institutnadinedesgagne.com\\\/fr\\\/#organization\"},\"potentialAction\":[{\"@type\":\"SearchAction\",\"target\":{\"@type\":\"EntryPoint\",\"urlTemplate\":\"https:\\\/\\\/institutnadinedesgagne.com\\\/fr\\\/?s={search_term_string}\"},\"query-input\":{\"@type\":\"PropertyValueSpecification\",\"valueRequired\":true,\"valueName\":\"search_term_string\"}}],\"inLanguage\":\"fr-CA\"},{\"@type\":\"Organization\",\"@id\":\"https:\\\/\\\/institutnadinedesgagne.com\\\/fr\\\/#organization\",\"name\":\"Estheticienne Brossard\",\"url\":\"https:\\\/\\\/institutnadinedesgagne.com\\\/fr\\\/\",\"logo\":{\"@type\":\"ImageObject\",\"inLanguage\":\"fr-CA\",\"@id\":\"https:\\\/\\\/institutnadinedesgagne.com\\\/fr\\\/#\\\/schema\\\/logo\\\/image\\\/\",\"url\":\"https:\\\/\\\/institutnadinedesgagne.com\\\/wp-content\\\/uploads\\\/2023\\\/08\\\/cropped-Logo-Nadine.png\",\"contentUrl\":\"https:\\\/\\\/institutnadinedesgagne.com\\\/wp-content\\\/uploads\\\/2023\\\/08\\\/cropped-Logo-Nadine.png\",\"width\":991,\"height\":258,\"caption\":\"Estheticienne Brossard\"},\"image\":{\"@id\":\"https:\\\/\\\/institutnadinedesgagne.com\\\/fr\\\/#\\\/schema\\\/logo\\\/image\\\/\"}}]}<\/script>\n<!-- \/ Yoast SEO Premium plugin. -->","yoast_head_json":{"title":"Ultimate anti-aging concentrate - Estheticienne Brossard","robots":{"index":"index","follow":"follow","max-snippet":"max-snippet:-1","max-image-preview":"max-image-preview:large","max-video-preview":"max-video-preview:-1"},"canonical":"https:\/\/institutnadinedesgagne.com\/fr\/produit\/ultimate-anti-aging-concentrate\/","og_locale":"fr_CA","og_type":"article","og_title":"Ultimate anti-aging concentrate","og_description":"Its delicate, silky texture works in perfect harmony with the skin. A few drops of this divine elixir are enough to restore and revitalize your cells. This formula has a&hellip;","og_url":"https:\/\/institutnadinedesgagne.com\/fr\/produit\/ultimate-anti-aging-concentrate\/","og_site_name":"Estheticienne Brossard","article_modified_time":"2025-05-14T16:10:00+00:00","og_image":[{"width":1000,"height":1000,"url":"https:\/\/institutnadinedesgagne.com\/wp-content\/uploads\/2025\/05\/IMG_3954.jpeg","type":"image\/jpeg"}],"twitter_card":"summary_large_image","schema":{"@context":"https:\/\/schema.org","@graph":[{"@type":"WebPage","@id":"https:\/\/institutnadinedesgagne.com\/product\/ultimate-anti-aging-concentrate\/","url":"https:\/\/institutnadinedesgagne.com\/product\/ultimate-anti-aging-concentrate\/","name":"Ultimate anti-aging concentrate - Estheticienne Brossard","isPartOf":{"@id":"https:\/\/institutnadinedesgagne.com\/fr\/#website"},"primaryImageOfPage":{"@id":"https:\/\/institutnadinedesgagne.com\/product\/ultimate-anti-aging-concentrate\/#primaryimage"},"image":{"@id":"https:\/\/institutnadinedesgagne.com\/product\/ultimate-anti-aging-concentrate\/#primaryimage"},"thumbnailUrl":"https:\/\/institutnadinedesgagne.com\/wp-content\/uploads\/2025\/05\/IMG_3954.jpeg","datePublished":"2025-05-13T02:59:15+00:00","dateModified":"2025-05-14T16:10:00+00:00","breadcrumb":{"@id":"https:\/\/institutnadinedesgagne.com\/product\/ultimate-anti-aging-concentrate\/#breadcrumb"},"inLanguage":"fr-CA","potentialAction":[{"@type":"ReadAction","target":["https:\/\/institutnadinedesgagne.com\/product\/ultimate-anti-aging-concentrate\/"]}]},{"@type":"ImageObject","inLanguage":"fr-CA","@id":"https:\/\/institutnadinedesgagne.com\/product\/ultimate-anti-aging-concentrate\/#primaryimage","url":"https:\/\/institutnadinedesgagne.com\/wp-content\/uploads\/2025\/05\/IMG_3954.jpeg","contentUrl":"https:\/\/institutnadinedesgagne.com\/wp-content\/uploads\/2025\/05\/IMG_3954.jpeg","width":1000,"height":1000},{"@type":"BreadcrumbList","@id":"https:\/\/institutnadinedesgagne.com\/product\/ultimate-anti-aging-concentrate\/#breadcrumb","itemListElement":[{"@type":"ListItem","position":1,"name":"Home","item":"https:\/\/institutnadinedesgagne.com\/"},{"@type":"ListItem","position":2,"name":"Shop","item":"https:\/\/institutnadinedesgagne.com\/fr\/shop\/"},{"@type":"ListItem","position":3,"name":"Ultimate anti-aging concentrate"}]},{"@type":"WebSite","@id":"https:\/\/institutnadinedesgagne.com\/fr\/#website","url":"https:\/\/institutnadinedesgagne.com\/fr\/","name":"Estheticienne Brossard","description":"Institut Nadine Desgagne","publisher":{"@id":"https:\/\/institutnadinedesgagne.com\/fr\/#organization"},"potentialAction":[{"@type":"SearchAction","target":{"@type":"EntryPoint","urlTemplate":"https:\/\/institutnadinedesgagne.com\/fr\/?s={search_term_string}"},"query-input":{"@type":"PropertyValueSpecification","valueRequired":true,"valueName":"search_term_string"}}],"inLanguage":"fr-CA"},{"@type":"Organization","@id":"https:\/\/institutnadinedesgagne.com\/fr\/#organization","name":"Estheticienne Brossard","url":"https:\/\/institutnadinedesgagne.com\/fr\/","logo":{"@type":"ImageObject","inLanguage":"fr-CA","@id":"https:\/\/institutnadinedesgagne.com\/fr\/#\/schema\/logo\/image\/","url":"https:\/\/institutnadinedesgagne.com\/wp-content\/uploads\/2023\/08\/cropped-Logo-Nadine.png","contentUrl":"https:\/\/institutnadinedesgagne.com\/wp-content\/uploads\/2023\/08\/cropped-Logo-Nadine.png","width":991,"height":258,"caption":"Estheticienne Brossard"},"image":{"@id":"https:\/\/institutnadinedesgagne.com\/fr\/#\/schema\/logo\/image\/"}}]}},"_links":{"self":[{"href":"https:\/\/institutnadinedesgagne.com\/fr\/wp-json\/wp\/v2\/product\/46645","targetHints":{"allow":["GET"]}}],"collection":[{"href":"https:\/\/institutnadinedesgagne.com\/fr\/wp-json\/wp\/v2\/product"}],"about":[{"href":"https:\/\/institutnadinedesgagne.com\/fr\/wp-json\/wp\/v2\/types\/product"}],"replies":[{"embeddable":true,"href":"https:\/\/institutnadinedesgagne.com\/fr\/wp-json\/wp\/v2\/comments?post=46645"}],"wp:featuredmedia":[{"embeddable":true,"href":"https:\/\/institutnadinedesgagne.com\/fr\/wp-json\/wp\/v2\/media\/46687"}],"wp:attachment":[{"href":"https:\/\/institutnadinedesgagne.com\/fr\/wp-json\/wp\/v2\/media?parent=46645"}],"wp:term":[{"taxonomy":"product_brand","embeddable":true,"href":"https:\/\/institutnadinedesgagne.com\/fr\/wp-json\/wp\/v2\/product_brand?post=46645"},{"taxonomy":"product_cat","embeddable":true,"href":"https:\/\/institutnadinedesgagne.com\/fr\/wp-json\/wp\/v2\/product_cat?post=46645"},{"taxonomy":"product_tag","embeddable":true,"href":"https:\/\/institutnadinedesgagne.com\/fr\/wp-json\/wp\/v2\/product_tag?post=46645"}],"curies":[{"name":"wp","href":"https:\/\/api.w.org\/{rel}","templated":true}]}}